{"id":204,"date":"2024-09-19T12:25:51","date_gmt":"2024-09-19T12:25:51","guid":{"rendered":"http:\/\/ikarus-services.de\/wordpressjacob\/?page_id=204"},"modified":"2024-09-20T16:15:58","modified_gmt":"2024-09-20T16:15:58","slug":"individual","status":"publish","type":"page","link":"http:\/\/ikarus-services.de\/wordpressjacob\/individual\/","title":{"rendered":"Individual"},"content":{"rendered":"\n<div style=\"height:10em\" aria-hidden=\"true\" class=\"wp-block-spacer\"><\/div>\n\n\n\n<h2 class=\"wp-block-heading has-text-color has-link-color wp-elements-34281bd47abcdc4236ba27c573460356\" style=\"color:#07249f\">Reisen ist so individuell wie das Leben<\/h2>\n\n\n\n<div class=\"wp-block-columns is-layout-flex wp-container-core-columns-is-layout-9d6595d7 wp-block-columns-is-layout-flex\">\n<div class=\"wp-block-column is-layout-flow wp-block-column-is-layout-flow\" style=\"flex-basis:33.33%\">\n<figure class=\"wp-block-image size-full\"><img loading=\"lazy\" decoding=\"async\" width=\"2560\" height=\"1707\" src=\"http:\/\/ikarus-services.de\/wordpressjacob\/wp-content\/uploads\/2024\/09\/individual1.webp\" alt=\"\" class=\"wp-image-219\" srcset=\"http:\/\/ikarus-services.de\/wordpressjacob\/wp-content\/uploads\/2024\/09\/individual1.webp 2560w, http:\/\/ikarus-services.de\/wordpressjacob\/wp-content\/uploads\/2024\/09\/individual1-300x200.webp 300w, http:\/\/ikarus-services.de\/wordpressjacob\/wp-content\/uploads\/2024\/09\/individual1-1024x683.webp 1024w, http:\/\/ikarus-services.de\/wordpressjacob\/wp-content\/uploads\/2024\/09\/individual1-768x512.webp 768w, http:\/\/ikarus-services.de\/wordpressjacob\/wp-content\/uploads\/2024\/09\/individual1-1536x1024.webp 1536w, http:\/\/ikarus-services.de\/wordpressjacob\/wp-content\/uploads\/2024\/09\/individual1-2048x1366.webp 2048w\" sizes=\"auto, (max-width: 2560px) 100vw, 2560px\" \/><\/figure>\n<\/div>\n\n\n\n<div class=\"wp-block-column is-layout-flow wp-block-column-is-layout-flow\" style=\"flex-basis:66.66%\">\n<h4 class=\"wp-block-heading has-text-color has-link-color wp-elements-8130f83a4c41b9857e1d9a5051c21680\" style=\"color:#4acbe2\">Reiseerlebnisse von A wie &#8220;Abenteuer &amp; Nervenkitzel&#8221; bis Z wie<br>&#8220;Zur-Ruhe-Kommen&#8221;<\/h4>\n\n\n\n<p>Einzigartige Erlebnisse in grandioser Naturkulisse genie\u00dfen, Einkehr in privat gef\u00fchrte Lodges und Boutique-Hotels, den Sundowner in der milden Abendsonne genie\u00dfen und dabei den Tag Revue passieren zu lassen. So k\u00f6nnte einer ihrer Urlaubstage aussehen.<\/p>\n<\/div>\n<\/div>\n\n\n\n<div class=\"wp-block-columns is-layout-flex wp-container-core-columns-is-layout-9d6595d7 wp-block-columns-is-layout-flex\">\n<div class=\"wp-block-column is-layout-flow wp-block-column-is-layout-flow\" style=\"flex-basis:66.66%\">\n<p>Oder lieber eine quirlige St\u00e4dtetour unternehmen und dabei besondere kulturelle Ereignisse erleben, den Flair einer Metropole ersp\u00fcren und den Abend in einem landestypischen Restaurant mit der einheimischen Bev\u00f6lkerung verbringen und dabei vielleicht interessante Kontakte kn\u00fcpfen?<\/p>\n<\/div>\n\n\n\n<div class=\"wp-block-column is-layout-flow wp-block-column-is-layout-flow\" style=\"flex-basis:33.33%\">\n<figure class=\"wp-block-image size-full\"><img loading=\"lazy\" decoding=\"async\" width=\"2560\" height=\"1707\" src=\"http:\/\/ikarus-services.de\/wordpressjacob\/wp-content\/uploads\/2024\/09\/individual2.webp\" alt=\"\" class=\"wp-image-220\" srcset=\"http:\/\/ikarus-services.de\/wordpressjacob\/wp-content\/uploads\/2024\/09\/individual2.webp 2560w, http:\/\/ikarus-services.de\/wordpressjacob\/wp-content\/uploads\/2024\/09\/individual2-300x200.webp 300w, http:\/\/ikarus-services.de\/wordpressjacob\/wp-content\/uploads\/2024\/09\/individual2-1024x683.webp 1024w, http:\/\/ikarus-services.de\/wordpressjacob\/wp-content\/uploads\/2024\/09\/individual2-768x512.webp 768w, http:\/\/ikarus-services.de\/wordpressjacob\/wp-content\/uploads\/2024\/09\/individual2-1536x1024.webp 1536w, http:\/\/ikarus-services.de\/wordpressjacob\/wp-content\/uploads\/2024\/09\/individual2-2048x1366.webp 2048w\" sizes=\"auto, (max-width: 2560px) 100vw, 2560px\" \/><\/figure>\n<\/div>\n<\/div>\n\n\n\n<div class=\"wp-block-columns is-layout-flex wp-container-core-columns-is-layout-9d6595d7 wp-block-columns-is-layout-flex\">\n<div class=\"wp-block-column is-layout-flow wp-block-column-is-layout-flow\" style=\"flex-basis:33.33%\">\n<figure class=\"wp-block-image size-full\"><img loading=\"lazy\" decoding=\"async\" width=\"2560\" height=\"1707\" src=\"http:\/\/ikarus-services.de\/wordpressjacob\/wp-content\/uploads\/2024\/09\/individual3.webp\" alt=\"\" class=\"wp-image-221\" srcset=\"http:\/\/ikarus-services.de\/wordpressjacob\/wp-content\/uploads\/2024\/09\/individual3.webp 2560w, http:\/\/ikarus-services.de\/wordpressjacob\/wp-content\/uploads\/2024\/09\/individual3-300x200.webp 300w, http:\/\/ikarus-services.de\/wordpressjacob\/wp-content\/uploads\/2024\/09\/individual3-1024x683.webp 1024w, http:\/\/ikarus-services.de\/wordpressjacob\/wp-content\/uploads\/2024\/09\/individual3-768x512.webp 768w, http:\/\/ikarus-services.de\/wordpressjacob\/wp-content\/uploads\/2024\/09\/individual3-1536x1024.webp 1536w, http:\/\/ikarus-services.de\/wordpressjacob\/wp-content\/uploads\/2024\/09\/individual3-2048x1366.webp 2048w\" sizes=\"auto, (max-width: 2560px) 100vw, 2560px\" \/><\/figure>\n<\/div>\n\n\n\n<div class=\"wp-block-column is-layout-flow wp-block-column-is-layout-flow\" style=\"flex-basis:66.66%\">\n<p>Vielleicht locken auch kilometerlange wei\u00dfe Str\u00e4nde, kristallklares Wasser und ein k\u00fchler Drink unter dem Sonnenschirm, um dort einfach einmal die Seele baumeln zu lassen und den Alltag hinter sich zu lassen?<\/p>\n<\/div>\n<\/div>\n\n\n\n<div style=\"height:10em\" aria-hidden=\"true\" class=\"wp-block-spacer\"><\/div>\n","protected":false},"excerpt":{"rendered":"<p>Reisen ist so individuell wie das Leben Reiseerlebnisse von A wie &#8220;Abenteuer &amp; Nervenkitzel&#8221; bis Z wie&#8220;Zur-Ruhe-Kommen&#8221; Einzigartige Erlebnisse in grandioser Naturkulisse genie\u00dfen, Einkehr in privat gef\u00fchrte Lodges und Boutique-Hotels, den Sundowner in der milden Abendsonne genie\u00dfen und dabei den Tag Revue passieren zu lassen. So k\u00f6nnte einer ihrer Urlaubstage aussehen. Oder lieber eine quirlige &hellip; <\/p>\n<p class=\"link-more\"><a href=\"http:\/\/ikarus-services.de\/wordpressjacob\/individual\/\" class=\"more-link\">Continue reading<span class=\"screen-reader-text\"> &#8220;Individual&#8221;<\/span><\/a><\/p>\n","protected":false},"author":2,"featured_media":0,"parent":0,"menu_order":0,"comment_status":"closed","ping_status":"closed","template":"","meta":{"footnotes":""},"class_list":["post-204","page","type-page","status-publish","hentry"],"_links":{"self":[{"href":"http:\/\/ikarus-services.de\/wordpressjacob\/wp-json\/wp\/v2\/pages\/204","targetHints":{"allow":["GET"]}}],"collection":[{"href":"http:\/\/ikarus-services.de\/wordpressjacob\/wp-json\/wp\/v2\/pages"}],"about":[{"href":"http:\/\/ikarus-services.de\/wordpressjacob\/wp-json\/wp\/v2\/types\/page"}],"author":[{"embeddable":true,"href":"http:\/\/ikarus-services.de\/wordpressjacob\/wp-json\/wp\/v2\/users\/2"}],"replies":[{"embeddable":true,"href":"http:\/\/ikarus-services.de\/wordpressjacob\/wp-json\/wp\/v2\/comments?post=204"}],"version-history":[{"count":5,"href":"http:\/\/ikarus-services.de\/wordpressjacob\/wp-json\/wp\/v2\/pages\/204\/revisions"}],"predecessor-version":[{"id":241,"href":"http:\/\/ikarus-services.de\/wordpressjacob\/wp-json\/wp\/v2\/pages\/204\/revisions\/241"}],"wp:attachment":[{"href":"http:\/\/ikarus-services.de\/wordpressjacob\/wp-json\/wp\/v2\/media?parent=204"}],"curies":[{"name":"wp","href":"https:\/\/api.w.org\/{rel}","templated":true}]}}