{"id":208,"date":"2024-09-19T12:33:53","date_gmt":"2024-09-19T12:33:53","guid":{"rendered":"http:\/\/ikarus-services.de\/wordpressjacob\/?page_id=208"},"modified":"2024-09-20T16:04:58","modified_gmt":"2024-09-20T16:04:58","slug":"gruppenreisen","status":"publish","type":"page","link":"http:\/\/ikarus-services.de\/wordpressjacob\/gruppenreisen\/","title":{"rendered":"Gruppenreisen"},"content":{"rendered":"\n<div style=\"height:10em\" aria-hidden=\"true\" class=\"wp-block-spacer\"><\/div>\n\n\n\n<h2 class=\"wp-block-heading has-text-color has-link-color wp-elements-a921d6897543b399a4490a1e138c3752\" style=\"color:#07249f\">Gruppenreisen<\/h2>\n\n\n\n<p>Planen Sie eine gemeinsame Reise mit Ihren Freunden oder der Gro\u00dffamilie &#8211; individuell auf die Bed\u00fcrfnisse Ihrer Kleingruppe abgestimmt? Oder m\u00f6chten Sie mit Ihrem Verein eine Reise unter ausgesuchten Aspekten unternehmen?<\/p>\n\n\n\n<p><br>Sprechen Sie uns an! In unserer Datenbank sind unz\u00e4hlige M\u00f6glichkeiten vorhanden zur Verwirklichung Ihrer Ziele, die wir individuell auf Ihre Bed\u00fcrfnisse abgestimmt zusammenstellen. Wir freuen uns auf Sie!<br>Anregungen finden Sie in unserem <a href=\"http:\/\/ikarus-services.de\/wordpressjacob\/themen\/\">Themenbereich<\/a>.<\/p>\n\n\n\n<p><\/p>\n\n\n\n<div style=\"height:10em\" aria-hidden=\"true\" class=\"wp-block-spacer\"><\/div>\n","protected":false},"excerpt":{"rendered":"<p>Gruppenreisen Planen Sie eine gemeinsame Reise mit Ihren Freunden oder der Gro\u00dffamilie &#8211; individuell auf die Bed\u00fcrfnisse Ihrer Kleingruppe abgestimmt? Oder m\u00f6chten Sie mit Ihrem Verein eine Reise unter ausgesuchten Aspekten unternehmen? Sprechen Sie uns an! In unserer Datenbank sind unz\u00e4hlige M\u00f6glichkeiten vorhanden zur Verwirklichung Ihrer Ziele, die wir individuell auf Ihre Bed\u00fcrfnisse abgestimmt zusammenstellen. &hellip; <\/p>\n<p class=\"link-more\"><a href=\"http:\/\/ikarus-services.de\/wordpressjacob\/gruppenreisen\/\" class=\"more-link\">Continue reading<span class=\"screen-reader-text\"> &#8220;Gruppenreisen&#8221;<\/span><\/a><\/p>\n","protected":false},"author":2,"featured_media":0,"parent":0,"menu_order":0,"comment_status":"closed","ping_status":"closed","template":"","meta":{"footnotes":""},"class_list":["post-208","page","type-page","status-publish","hentry"],"_links":{"self":[{"href":"http:\/\/ikarus-services.de\/wordpressjacob\/wp-json\/wp\/v2\/pages\/208","targetHints":{"allow":["GET"]}}],"collection":[{"href":"http:\/\/ikarus-services.de\/wordpressjacob\/wp-json\/wp\/v2\/pages"}],"about":[{"href":"http:\/\/ikarus-services.de\/wordpressjacob\/wp-json\/wp\/v2\/types\/page"}],"author":[{"embeddable":true,"href":"http:\/\/ikarus-services.de\/wordpressjacob\/wp-json\/wp\/v2\/users\/2"}],"replies":[{"embeddable":true,"href":"http:\/\/ikarus-services.de\/wordpressjacob\/wp-json\/wp\/v2\/comments?post=208"}],"version-history":[{"count":4,"href":"http:\/\/ikarus-services.de\/wordpressjacob\/wp-json\/wp\/v2\/pages\/208\/revisions"}],"predecessor-version":[{"id":230,"href":"http:\/\/ikarus-services.de\/wordpressjacob\/wp-json\/wp\/v2\/pages\/208\/revisions\/230"}],"wp:attachment":[{"href":"http:\/\/ikarus-services.de\/wordpressjacob\/wp-json\/wp\/v2\/media?parent=208"}],"curies":[{"name":"wp","href":"https:\/\/api.w.org\/{rel}","templated":true}]}}