{"id":211,"date":"2024-09-19T12:35:02","date_gmt":"2024-09-19T12:35:02","guid":{"rendered":"http:\/\/ikarus-services.de\/wordpressjacob\/?page_id=211"},"modified":"2024-09-20T16:05:19","modified_gmt":"2024-09-20T16:05:19","slug":"meetings-events","status":"publish","type":"page","link":"http:\/\/ikarus-services.de\/wordpressjacob\/meetings-events\/","title":{"rendered":"Meetings &amp; Events"},"content":{"rendered":"\n<div style=\"height:10em\" aria-hidden=\"true\" class=\"wp-block-spacer\"><\/div>\n\n\n\n<h2 class=\"wp-block-heading has-text-color has-link-color wp-elements-0985247e717c56119485817475bdea6d\" style=\"color:#07249f\">Meetings &amp; Events<\/h2>\n\n\n\n<p>Sie suchen f\u00fcr Ihre Betriebsfeier oder Ihren Firmenjubil\u00e4um geeignete R\u00e4umlichkeiten und ein passendes Rahmenprogramm, um diesen Abend unvergesslich werden zu lassen? Vom festlichen Diner in einem altehrw\u00fcrdigen Schloss bis hin zu sportlichen, spa\u00dfigen Aktivit\u00e4ten ist vieles m\u00f6glich.<\/p>\n\n\n\n<p>Liegt der Schwerpunkt vielleicht auf Teambuilding mit der gesamten Belegschaft oder will man besondere Leistungen verdienter Mitarbeiter ehren? Wir haben die L\u00f6sungen f\u00fcr Sie &#8211; individuell auf Ihre Bed\u00fcrfnisse abgestimmt.<br>Einige Beispiele aus unserem Teambuilding &#8211; Bereich:<br>Ist der Zeitrahmen auf einen Nachmittag\/ Abend beschr\u00e4nkt, k\u00f6nnte man z.B. anbieten:<\/p>\n\n\n\n<p>Ein Abend im Schnee. Hier k\u00f6nnen sportliche Aktivit\u00e4ten mit hohem Spa\u00dffaktor in der Gruppe absolviert werden, anschlie\u00dfend Schlemmerbuffet und H\u00fcttenzauber- 365 Tage im Jahr.<br>M\u00f6chten Sie mehr Zeit mit Ihrer Belegschaft einplanen und einen Kurztrip unternehmen?<br>Wie w\u00e4re es mit einem Wochenende in Br\u00fcssel oder Flandern? Als Teambuilding-Aktivit\u00e4t bieten wir z.B. den sogenannten &#8220;Fashion-Hunt&#8221; in der Modestadt Antwerpen an.<br>Sehr beliebt sind auch die Touren nach Gent, Br\u00fcgge oder Mechelen, wo wir eine Unterkunft in einer ehemaligen Kirche anbieten k\u00f6nnen, die liebevoll restauriert wurde mit dem Erhalt der alten Kirchenfenster.<\/p>\n\n\n\n<p>Oder lockt der S\u00fcden mit mediterranem Flair und angenehmem Klima? Auf der iberischen Halbinsel bieten wir in s\u00e4mtlichen Teilen Spaniens regionaltypische Veranstaltungen an in Kombination mit ausgesuchten Unterk\u00fcnften und einem breit gef\u00e4cherten gastronomischen Angebot. Unser umfangreiches Repertoire an Kurzreisen f\u00fcr besondere Erlebnisse an au\u00dfergew\u00f6hnlichen Orten mit ausgesuchten Hotels und erlesener Gastronomie stellen wir Ihnen gern vor. Wir freuen uns auf Ihre Anfrage!<\/p>\n\n\n\n<div style=\"height:10em\" aria-hidden=\"true\" class=\"wp-block-spacer\"><\/div>\n","protected":false},"excerpt":{"rendered":"<p>Meetings &amp; Events Sie suchen f\u00fcr Ihre Betriebsfeier oder Ihren Firmenjubil\u00e4um geeignete R\u00e4umlichkeiten und ein passendes Rahmenprogramm, um diesen Abend unvergesslich werden zu lassen? Vom festlichen Diner in einem altehrw\u00fcrdigen Schloss bis hin zu sportlichen, spa\u00dfigen Aktivit\u00e4ten ist vieles m\u00f6glich. Liegt der Schwerpunkt vielleicht auf Teambuilding mit der gesamten Belegschaft oder will man besondere Leistungen &hellip; <\/p>\n<p class=\"link-more\"><a href=\"http:\/\/ikarus-services.de\/wordpressjacob\/meetings-events\/\" class=\"more-link\">Continue reading<span class=\"screen-reader-text\"> &#8220;Meetings &amp; Events&#8221;<\/span><\/a><\/p>\n","protected":false},"author":2,"featured_media":0,"parent":0,"menu_order":0,"comment_status":"closed","ping_status":"closed","template":"","meta":{"footnotes":""},"class_list":["post-211","page","type-page","status-publish","hentry"],"_links":{"self":[{"href":"http:\/\/ikarus-services.de\/wordpressjacob\/wp-json\/wp\/v2\/pages\/211","targetHints":{"allow":["GET"]}}],"collection":[{"href":"http:\/\/ikarus-services.de\/wordpressjacob\/wp-json\/wp\/v2\/pages"}],"about":[{"href":"http:\/\/ikarus-services.de\/wordpressjacob\/wp-json\/wp\/v2\/types\/page"}],"author":[{"embeddable":true,"href":"http:\/\/ikarus-services.de\/wordpressjacob\/wp-json\/wp\/v2\/users\/2"}],"replies":[{"embeddable":true,"href":"http:\/\/ikarus-services.de\/wordpressjacob\/wp-json\/wp\/v2\/comments?post=211"}],"version-history":[{"count":3,"href":"http:\/\/ikarus-services.de\/wordpressjacob\/wp-json\/wp\/v2\/pages\/211\/revisions"}],"predecessor-version":[{"id":231,"href":"http:\/\/ikarus-services.de\/wordpressjacob\/wp-json\/wp\/v2\/pages\/211\/revisions\/231"}],"wp:attachment":[{"href":"http:\/\/ikarus-services.de\/wordpressjacob\/wp-json\/wp\/v2\/media?parent=211"}],"curies":[{"name":"wp","href":"https:\/\/api.w.org\/{rel}","templated":true}]}}