{"id":156,"date":"2024-09-19T11:14:12","date_gmt":"2024-09-19T11:14:12","guid":{"rendered":"http:\/\/ikarus-services.de\/wordpressjacob\/?page_id=156"},"modified":"2024-09-22T17:07:35","modified_gmt":"2024-09-22T17:07:35","slug":"aktuelles","status":"publish","type":"page","link":"https:\/\/ikarus-services.de\/wordpressjacob\/aktuelles\/","title":{"rendered":"Aktuelles"},"content":{"rendered":"\n<div style=\"height:10em\" aria-hidden=\"true\" class=\"wp-block-spacer\"><\/div>\n\n\n\n<div class=\"wp-block-columns is-layout-flex wp-container-core-columns-is-layout-9d6595d7 wp-block-columns-is-layout-flex\">\n<div class=\"wp-block-column is-layout-flow wp-block-column-is-layout-flow\">\n<h2 class=\"wp-block-heading has-text-color has-link-color wp-elements-574642cdfd23bb43e6ed24a96d335ae8\" style=\"color:#07249f\"><strong><strong>Kuba<\/strong><\/strong><\/h2>\n\n\n\n<figure class=\"wp-block-image size-large\"><img loading=\"lazy\" decoding=\"async\" width=\"1024\" height=\"683\" src=\"http:\/\/ikarus-services.de\/wordpressjacob\/wp-content\/uploads\/2024\/09\/gruppe1-1024x683.jpg\" alt=\"\" class=\"wp-image-260\" srcset=\"https:\/\/ikarus-services.de\/wordpressjacob\/wp-content\/uploads\/2024\/09\/gruppe1-1024x683.jpg 1024w, https:\/\/ikarus-services.de\/wordpressjacob\/wp-content\/uploads\/2024\/09\/gruppe1-300x200.jpg 300w, https:\/\/ikarus-services.de\/wordpressjacob\/wp-content\/uploads\/2024\/09\/gruppe1-768x512.jpg 768w, https:\/\/ikarus-services.de\/wordpressjacob\/wp-content\/uploads\/2024\/09\/gruppe1-1536x1024.jpg 1536w, https:\/\/ikarus-services.de\/wordpressjacob\/wp-content\/uploads\/2024\/09\/gruppe1-2048x1366.jpg 2048w\" sizes=\"auto, (max-width: 1024px) 100vw, 1024px\" \/><\/figure>\n\n\n\n<p class=\"has-black-color has-text-color has-link-color has-medium-font-size wp-elements-e2f5b8fe7cf9563577165c4a2101971d\">Kolonialer Charme &amp; karibische Lebenfreude<\/p>\n<\/div>\n\n\n\n<div class=\"wp-block-column is-layout-flow wp-block-column-is-layout-flow\">\n<h2 class=\"wp-block-heading has-text-color has-link-color wp-elements-3b7d6945d1ce2fbde146240c27695752\" style=\"color:#07249f\"><strong><strong>Mandelbl\u00fcte auf Mallorca<\/strong><\/strong><\/h2>\n\n\n\n<figure class=\"wp-block-image size-large\"><img loading=\"lazy\" decoding=\"async\" width=\"1024\" height=\"683\" src=\"http:\/\/ikarus-services.de\/wordpressjacob\/wp-content\/uploads\/2024\/09\/gruppe2-1024x683.jpg\" alt=\"\" class=\"wp-image-261\" srcset=\"https:\/\/ikarus-services.de\/wordpressjacob\/wp-content\/uploads\/2024\/09\/gruppe2-1024x683.jpg 1024w, https:\/\/ikarus-services.de\/wordpressjacob\/wp-content\/uploads\/2024\/09\/gruppe2-300x200.jpg 300w, https:\/\/ikarus-services.de\/wordpressjacob\/wp-content\/uploads\/2024\/09\/gruppe2-768x512.jpg 768w, https:\/\/ikarus-services.de\/wordpressjacob\/wp-content\/uploads\/2024\/09\/gruppe2-1536x1024.jpg 1536w, https:\/\/ikarus-services.de\/wordpressjacob\/wp-content\/uploads\/2024\/09\/gruppe2-2048x1366.jpg 2048w\" sizes=\"auto, (max-width: 1024px) 100vw, 1024px\" \/><\/figure>\n\n\n\n<p class=\"has-black-color has-text-color has-link-color has-medium-font-size wp-elements-e9a83e067d554f3f786533ed1dfe7aa8\">Land der Kontraste<\/p>\n<\/div>\n<\/div>\n\n\n\n<div class=\"wp-block-columns is-layout-flex wp-container-core-columns-is-layout-9d6595d7 wp-block-columns-is-layout-flex\">\n<div class=\"wp-block-column is-layout-flow wp-block-column-is-layout-flow\">\n<h2 class=\"wp-block-heading has-text-color has-link-color wp-elements-a52b7492561602f2710531f25a465c46\" style=\"color:#07249f\"><strong><strong><strong><strong>Namibia &amp; S\u00fcdafrika<\/strong><\/strong><\/strong><\/strong><\/h2>\n\n\n\n<figure class=\"wp-block-image size-large\"><img loading=\"lazy\" decoding=\"async\" width=\"1024\" height=\"683\" src=\"http:\/\/ikarus-services.de\/wordpressjacob\/wp-content\/uploads\/2024\/09\/gruppe3-1024x683.jpg\" alt=\"\" class=\"wp-image-264\" srcset=\"https:\/\/ikarus-services.de\/wordpressjacob\/wp-content\/uploads\/2024\/09\/gruppe3-1024x683.jpg 1024w, https:\/\/ikarus-services.de\/wordpressjacob\/wp-content\/uploads\/2024\/09\/gruppe3-300x200.jpg 300w, https:\/\/ikarus-services.de\/wordpressjacob\/wp-content\/uploads\/2024\/09\/gruppe3-768x512.jpg 768w, https:\/\/ikarus-services.de\/wordpressjacob\/wp-content\/uploads\/2024\/09\/gruppe3-1536x1024.jpg 1536w, https:\/\/ikarus-services.de\/wordpressjacob\/wp-content\/uploads\/2024\/09\/gruppe3-2048x1366.jpg 2048w\" sizes=\"auto, (max-width: 1024px) 100vw, 1024px\" \/><\/figure>\n\n\n\n<p class=\"has-black-color has-text-color has-link-color has-medium-font-size wp-elements-5277c4f8148b91ddb86bfcf48236bb0d\">Zwei Gesichter Afrikas<\/p>\n<\/div>\n\n\n\n<div class=\"wp-block-column is-layout-flow wp-block-column-is-layout-flow\">\n<h2 class=\"wp-block-heading has-text-color has-link-color wp-elements-a9598f4712ad501074db925dd9caa316\" style=\"color:#07249f\"><strong><strong><strong><strong><strong>Kombinations-Rundreise Spanien &amp; Portugal<\/strong><\/strong><\/strong><\/strong><\/strong><\/h2>\n\n\n\n<figure class=\"wp-block-image size-large\"><img loading=\"lazy\" decoding=\"async\" width=\"1024\" height=\"683\" src=\"http:\/\/ikarus-services.de\/wordpressjacob\/wp-content\/uploads\/2024\/09\/gruppe4-1024x683.jpg\" alt=\"\" class=\"wp-image-262\" srcset=\"https:\/\/ikarus-services.de\/wordpressjacob\/wp-content\/uploads\/2024\/09\/gruppe4-1024x683.jpg 1024w, https:\/\/ikarus-services.de\/wordpressjacob\/wp-content\/uploads\/2024\/09\/gruppe4-300x200.jpg 300w, https:\/\/ikarus-services.de\/wordpressjacob\/wp-content\/uploads\/2024\/09\/gruppe4-768x512.jpg 768w, https:\/\/ikarus-services.de\/wordpressjacob\/wp-content\/uploads\/2024\/09\/gruppe4-1536x1024.jpg 1536w, https:\/\/ikarus-services.de\/wordpressjacob\/wp-content\/uploads\/2024\/09\/gruppe4-2048x1366.jpg 2048w\" sizes=\"auto, (max-width: 1024px) 100vw, 1024px\" \/><\/figure>\n\n\n\n<p class=\"has-black-color has-text-color has-link-color has-medium-font-size wp-elements-694b538866fbca184559f1da869ceb95\">Das Beste der iberischen Halbinsel<\/p>\n<\/div>\n<\/div>\n\n\n\n<div class=\"wp-block-columns is-layout-flex wp-container-core-columns-is-layout-9d6595d7 wp-block-columns-is-layout-flex\">\n<div class=\"wp-block-column is-layout-flow wp-block-column-is-layout-flow\">\n<h2 class=\"wp-block-heading has-text-color has-link-color wp-elements-125fa24770c756db151eb281bba44bf8\" style=\"color:#07249f\"><strong>Barcelona &amp; Andorra<\/strong><\/h2>\n\n\n\n<figure class=\"wp-block-image size-large\"><img loading=\"lazy\" decoding=\"async\" width=\"1024\" height=\"683\" src=\"http:\/\/ikarus-services.de\/wordpressjacob\/wp-content\/uploads\/2024\/09\/gruppe5-1024x683.jpg\" alt=\"\" class=\"wp-image-252\" srcset=\"https:\/\/ikarus-services.de\/wordpressjacob\/wp-content\/uploads\/2024\/09\/gruppe5-1024x683.jpg 1024w, https:\/\/ikarus-services.de\/wordpressjacob\/wp-content\/uploads\/2024\/09\/gruppe5-300x200.jpg 300w, https:\/\/ikarus-services.de\/wordpressjacob\/wp-content\/uploads\/2024\/09\/gruppe5-768x512.jpg 768w, https:\/\/ikarus-services.de\/wordpressjacob\/wp-content\/uploads\/2024\/09\/gruppe5-1536x1024.jpg 1536w, https:\/\/ikarus-services.de\/wordpressjacob\/wp-content\/uploads\/2024\/09\/gruppe5-2048x1366.jpg 2048w\" sizes=\"auto, (max-width: 1024px) 100vw, 1024px\" \/><\/figure>\n<\/div>\n\n\n\n<div class=\"wp-block-column is-layout-flow wp-block-column-is-layout-flow\">\n<h2 class=\"wp-block-heading has-text-color has-link-color wp-elements-3b7d6945d1ce2fbde146240c27695752\" style=\"color:#07249f\"><strong><strong>Mandelbl\u00fcte auf Mallorca<\/strong><\/strong><\/h2>\n\n\n\n<figure class=\"wp-block-image size-large\"><img loading=\"lazy\" decoding=\"async\" width=\"1024\" height=\"683\" src=\"http:\/\/ikarus-services.de\/wordpressjacob\/wp-content\/uploads\/2024\/09\/gruppe6-1024x683.jpg\" alt=\"\" class=\"wp-image-253\" srcset=\"https:\/\/ikarus-services.de\/wordpressjacob\/wp-content\/uploads\/2024\/09\/gruppe6-1024x683.jpg 1024w, https:\/\/ikarus-services.de\/wordpressjacob\/wp-content\/uploads\/2024\/09\/gruppe6-300x200.jpg 300w, https:\/\/ikarus-services.de\/wordpressjacob\/wp-content\/uploads\/2024\/09\/gruppe6-768x512.jpg 768w, https:\/\/ikarus-services.de\/wordpressjacob\/wp-content\/uploads\/2024\/09\/gruppe6-1536x1024.jpg 1536w, https:\/\/ikarus-services.de\/wordpressjacob\/wp-content\/uploads\/2024\/09\/gruppe6-2048x1366.jpg 2048w\" sizes=\"auto, (max-width: 1024px) 100vw, 1024px\" \/><\/figure>\n<\/div>\n<\/div>\n\n\n\n<div class=\"wp-block-columns is-layout-flex wp-container-core-columns-is-layout-9d6595d7 wp-block-columns-is-layout-flex\">\n<div class=\"wp-block-column is-layout-flow wp-block-column-is-layout-flow\">\n<h2 class=\"wp-block-heading has-text-color has-link-color wp-elements-3580f9252a330c3f4769a8ba98539b30\" style=\"color:#07249f\"><strong><strong>Langzeiturlaub in Almer\u00eda<\/strong><\/strong><\/h2>\n\n\n\n<figure class=\"wp-block-image size-large\"><img loading=\"lazy\" decoding=\"async\" width=\"1024\" height=\"683\" src=\"http:\/\/ikarus-services.de\/wordpressjacob\/wp-content\/uploads\/2024\/09\/gruppe7-1024x683.webp\" alt=\"\" class=\"wp-image-259\" srcset=\"https:\/\/ikarus-services.de\/wordpressjacob\/wp-content\/uploads\/2024\/09\/gruppe7-1024x683.webp 1024w, https:\/\/ikarus-services.de\/wordpressjacob\/wp-content\/uploads\/2024\/09\/gruppe7-300x200.webp 300w, https:\/\/ikarus-services.de\/wordpressjacob\/wp-content\/uploads\/2024\/09\/gruppe7-768x512.webp 768w, https:\/\/ikarus-services.de\/wordpressjacob\/wp-content\/uploads\/2024\/09\/gruppe7-1536x1024.webp 1536w, https:\/\/ikarus-services.de\/wordpressjacob\/wp-content\/uploads\/2024\/09\/gruppe7-2048x1366.webp 2048w\" sizes=\"auto, (max-width: 1024px) 100vw, 1024px\" \/><\/figure>\n<\/div>\n\n\n\n<div class=\"wp-block-column is-layout-flow wp-block-column-is-layout-flow\">\n<h2 class=\"wp-block-heading has-text-color has-link-color wp-elements-81f33ffdd46fc0ec3c44076223f414f1\" style=\"color:#07249f\"><strong><strong><strong>Como<\/strong><\/strong><\/strong><\/h2>\n\n\n\n<figure class=\"wp-block-image size-large\"><img loading=\"lazy\" decoding=\"async\" width=\"1024\" height=\"683\" src=\"http:\/\/ikarus-services.de\/wordpressjacob\/wp-content\/uploads\/2024\/09\/gruppe8-1024x683.webp\" alt=\"\" class=\"wp-image-258\" srcset=\"https:\/\/ikarus-services.de\/wordpressjacob\/wp-content\/uploads\/2024\/09\/gruppe8-1024x683.webp 1024w, https:\/\/ikarus-services.de\/wordpressjacob\/wp-content\/uploads\/2024\/09\/gruppe8-300x200.webp 300w, https:\/\/ikarus-services.de\/wordpressjacob\/wp-content\/uploads\/2024\/09\/gruppe8-768x512.webp 768w, https:\/\/ikarus-services.de\/wordpressjacob\/wp-content\/uploads\/2024\/09\/gruppe8-1536x1024.webp 1536w, https:\/\/ikarus-services.de\/wordpressjacob\/wp-content\/uploads\/2024\/09\/gruppe8-2048x1366.webp 2048w\" sizes=\"auto, (max-width: 1024px) 100vw, 1024px\" \/><\/figure>\n<\/div>\n<\/div>\n\n\n\n<div class=\"wp-block-columns is-layout-flex wp-container-core-columns-is-layout-9d6595d7 wp-block-columns-is-layout-flex\">\n<div class=\"wp-block-column is-layout-flow wp-block-column-is-layout-flow\">\n<h2 class=\"wp-block-heading has-text-color has-link-color wp-elements-fa21b5dec961e58bc9f5e81af24f18be\" style=\"color:#07249f\"><strong><strong><strong>Emiglia Romana<\/strong><\/strong><\/strong><\/h2>\n\n\n\n<figure class=\"wp-block-image size-large\"><img loading=\"lazy\" decoding=\"async\" width=\"1024\" height=\"683\" src=\"http:\/\/ikarus-services.de\/wordpressjacob\/wp-content\/uploads\/2024\/09\/gruppe9-1024x683.webp\" alt=\"\" class=\"wp-image-257\" srcset=\"https:\/\/ikarus-services.de\/wordpressjacob\/wp-content\/uploads\/2024\/09\/gruppe9-1024x683.webp 1024w, https:\/\/ikarus-services.de\/wordpressjacob\/wp-content\/uploads\/2024\/09\/gruppe9-300x200.webp 300w, https:\/\/ikarus-services.de\/wordpressjacob\/wp-content\/uploads\/2024\/09\/gruppe9-768x512.webp 768w, https:\/\/ikarus-services.de\/wordpressjacob\/wp-content\/uploads\/2024\/09\/gruppe9-1536x1024.webp 1536w, https:\/\/ikarus-services.de\/wordpressjacob\/wp-content\/uploads\/2024\/09\/gruppe9-2048x1366.webp 2048w\" sizes=\"auto, (max-width: 1024px) 100vw, 1024px\" \/><\/figure>\n<\/div>\n\n\n\n<div class=\"wp-block-column is-layout-flow wp-block-column-is-layout-flow\">\n<h2 class=\"wp-block-heading has-text-color has-link-color wp-elements-09944b3fe2a5ec68d63d7f06a718e0a5\" style=\"color:#07249f\"><strong><strong><strong><strong>Flandern<\/strong><\/strong><\/strong><\/strong><\/h2>\n\n\n\n<figure class=\"wp-block-image size-large\"><img loading=\"lazy\" decoding=\"async\" width=\"1024\" height=\"683\" src=\"http:\/\/ikarus-services.de\/wordpressjacob\/wp-content\/uploads\/2024\/09\/gruppe10-1024x683.webp\" alt=\"\" class=\"wp-image-256\" srcset=\"https:\/\/ikarus-services.de\/wordpressjacob\/wp-content\/uploads\/2024\/09\/gruppe10-1024x683.webp 1024w, https:\/\/ikarus-services.de\/wordpressjacob\/wp-content\/uploads\/2024\/09\/gruppe10-300x200.webp 300w, https:\/\/ikarus-services.de\/wordpressjacob\/wp-content\/uploads\/2024\/09\/gruppe10-768x512.webp 768w, https:\/\/ikarus-services.de\/wordpressjacob\/wp-content\/uploads\/2024\/09\/gruppe10-1536x1024.webp 1536w, https:\/\/ikarus-services.de\/wordpressjacob\/wp-content\/uploads\/2024\/09\/gruppe10-2048x1366.webp 2048w\" sizes=\"auto, (max-width: 1024px) 100vw, 1024px\" \/><\/figure>\n\n\n\n<p><strong>Br\u00fcgge \/ Gent\/ Antwerpen<\/strong><\/p>\n<\/div>\n<\/div>\n\n\n\n<div class=\"wp-block-columns is-layout-flex wp-container-core-columns-is-layout-9d6595d7 wp-block-columns-is-layout-flex\">\n<div class=\"wp-block-column is-layout-flow wp-block-column-is-layout-flow\">\n<h2 class=\"wp-block-heading has-text-color has-link-color wp-elements-0a6ce5c9aad384bfd363baba7cf0b7b9\" style=\"color:#07249f\"><strong><strong><strong><strong>L\u00fcttich<\/strong><\/strong><\/strong><\/strong><\/h2>\n\n\n\n<figure class=\"wp-block-image size-large\"><img loading=\"lazy\" decoding=\"async\" width=\"1024\" height=\"683\" src=\"http:\/\/ikarus-services.de\/wordpressjacob\/wp-content\/uploads\/2024\/09\/gruppe11-1024x683.webp\" alt=\"\" class=\"wp-image-255\" srcset=\"https:\/\/ikarus-services.de\/wordpressjacob\/wp-content\/uploads\/2024\/09\/gruppe11-1024x683.webp 1024w, https:\/\/ikarus-services.de\/wordpressjacob\/wp-content\/uploads\/2024\/09\/gruppe11-300x200.webp 300w, https:\/\/ikarus-services.de\/wordpressjacob\/wp-content\/uploads\/2024\/09\/gruppe11-768x512.webp 768w, https:\/\/ikarus-services.de\/wordpressjacob\/wp-content\/uploads\/2024\/09\/gruppe11-1536x1024.webp 1536w, https:\/\/ikarus-services.de\/wordpressjacob\/wp-content\/uploads\/2024\/09\/gruppe11-2048x1366.webp 2048w\" sizes=\"auto, (max-width: 1024px) 100vw, 1024px\" \/><\/figure>\n<\/div>\n\n\n\n<div class=\"wp-block-column is-layout-flow wp-block-column-is-layout-flow\">\n<h2 class=\"wp-block-heading has-text-color has-link-color wp-elements-c62f79a33f053ca8d14f90cc0172a81b\" style=\"color:#07249f\"><strong><strong><strong><strong><strong>Dresden mit Semperoper<\/strong><\/strong><\/strong><\/strong><\/strong><\/h2>\n\n\n\n<figure class=\"wp-block-image size-large\"><img loading=\"lazy\" decoding=\"async\" width=\"1024\" height=\"683\" src=\"http:\/\/ikarus-services.de\/wordpressjacob\/wp-content\/uploads\/2024\/09\/gruppe12-1024x683.webp\" alt=\"\" class=\"wp-image-254\" srcset=\"https:\/\/ikarus-services.de\/wordpressjacob\/wp-content\/uploads\/2024\/09\/gruppe12-1024x683.webp 1024w, https:\/\/ikarus-services.de\/wordpressjacob\/wp-content\/uploads\/2024\/09\/gruppe12-300x200.webp 300w, https:\/\/ikarus-services.de\/wordpressjacob\/wp-content\/uploads\/2024\/09\/gruppe12-768x512.webp 768w, https:\/\/ikarus-services.de\/wordpressjacob\/wp-content\/uploads\/2024\/09\/gruppe12-1536x1024.webp 1536w, https:\/\/ikarus-services.de\/wordpressjacob\/wp-content\/uploads\/2024\/09\/gruppe12-2048x1366.webp 2048w\" sizes=\"auto, (max-width: 1024px) 100vw, 1024px\" \/><\/figure>\n<\/div>\n<\/div>\n\n\n\n<p>Weitere Details folgen<\/p>\n\n\n\n<div style=\"height:10em\" aria-hidden=\"true\" class=\"wp-block-spacer\"><\/div>\n","protected":false},"excerpt":{"rendered":"<p>Kuba Kolonialer Charme &amp; karibische Lebenfreude Mandelbl\u00fcte auf Mallorca Land der Kontraste Namibia &amp; S\u00fcdafrika Zwei Gesichter Afrikas Kombinations-Rundreise Spanien &amp; Portugal Das Beste der iberischen Halbinsel Barcelona &amp; Andorra Mandelbl\u00fcte auf Mallorca Langzeiturlaub in Almer\u00eda Como Emiglia Romana Flandern Br\u00fcgge \/ Gent\/ Antwerpen L\u00fcttich Dresden mit Semperoper Weitere Details folgen<\/p>\n","protected":false},"author":2,"featured_media":0,"parent":0,"menu_order":0,"comment_status":"closed","ping_status":"closed","template":"","meta":{"footnotes":""},"class_list":["post-156","page","type-page","status-publish","hentry"],"_links":{"self":[{"href":"https:\/\/ikarus-services.de\/wordpressjacob\/wp-json\/wp\/v2\/pages\/156","targetHints":{"allow":["GET"]}}],"collection":[{"href":"https:\/\/ikarus-services.de\/wordpressjacob\/wp-json\/wp\/v2\/pages"}],"about":[{"href":"https:\/\/ikarus-services.de\/wordpressjacob\/wp-json\/wp\/v2\/types\/page"}],"author":[{"embeddable":true,"href":"https:\/\/ikarus-services.de\/wordpressjacob\/wp-json\/wp\/v2\/users\/2"}],"replies":[{"embeddable":true,"href":"https:\/\/ikarus-services.de\/wordpressjacob\/wp-json\/wp\/v2\/comments?post=156"}],"version-history":[{"count":12,"href":"https:\/\/ikarus-services.de\/wordpressjacob\/wp-json\/wp\/v2\/pages\/156\/revisions"}],"predecessor-version":[{"id":287,"href":"https:\/\/ikarus-services.de\/wordpressjacob\/wp-json\/wp\/v2\/pages\/156\/revisions\/287"}],"wp:attachment":[{"href":"https:\/\/ikarus-services.de\/wordpressjacob\/wp-json\/wp\/v2\/media?parent=156"}],"curies":[{"name":"wp","href":"https:\/\/api.w.org\/{rel}","templated":true}]}}