{"id":158,"date":"2024-09-19T11:14:32","date_gmt":"2024-09-19T11:14:32","guid":{"rendered":"http:\/\/ikarus-services.de\/wordpressjacob\/?page_id=158"},"modified":"2024-09-22T17:00:04","modified_gmt":"2024-09-22T17:00:04","slug":"themen","status":"publish","type":"page","link":"https:\/\/ikarus-services.de\/wordpressjacob\/themen\/","title":{"rendered":"Themen"},"content":{"rendered":"\n<div style=\"height:10em\" aria-hidden=\"true\" class=\"wp-block-spacer\"><\/div>\n\n\n\n<div class=\"wp-block-columns is-layout-flex wp-container-core-columns-is-layout-9d6595d7 wp-block-columns-is-layout-flex\">\n<div class=\"wp-block-column is-layout-flow wp-block-column-is-layout-flow\">\n<h2 class=\"wp-block-heading has-text-color has-link-color wp-elements-043ffbb76cc0649e5ccec85cad5de593\" style=\"color:#07249f\">Kunst &amp; Kultur<\/h2>\n\n\n\n<figure data-wp-context=\"{&quot;imageId&quot;:&quot;69e36db4916a7&quot;}\" data-wp-interactive=\"core\/image\" data-wp-key=\"69e36db4916a7\" class=\"wp-block-image size-full is-style-default wp-lightbox-container\"><img loading=\"lazy\" decoding=\"async\" width=\"800\" height=\"600\" data-wp-class--hide=\"state.isContentHidden\" data-wp-class--show=\"state.isContentVisible\" data-wp-init=\"callbacks.setButtonStyles\" data-wp-on--click=\"actions.showLightbox\" data-wp-on--load=\"callbacks.setButtonStyles\" data-wp-on-window--resize=\"callbacks.setButtonStyles\" src=\"http:\/\/ikarus-services.de\/wordpressjacob\/wp-content\/uploads\/2024\/09\/P004.jpg\" alt=\"\" class=\"wp-image-268\" style=\"aspect-ratio:1;object-fit:cover\" srcset=\"https:\/\/ikarus-services.de\/wordpressjacob\/wp-content\/uploads\/2024\/09\/P004.jpg 800w, https:\/\/ikarus-services.de\/wordpressjacob\/wp-content\/uploads\/2024\/09\/P004-300x225.jpg 300w, https:\/\/ikarus-services.de\/wordpressjacob\/wp-content\/uploads\/2024\/09\/P004-768x576.jpg 768w\" sizes=\"auto, (max-width: 800px) 100vw, 800px\" \/><button\n\t\t\tclass=\"lightbox-trigger\"\n\t\t\ttype=\"button\"\n\t\t\taria-haspopup=\"dialog\"\n\t\t\taria-label=\"Enlarge\"\n\t\t\tdata-wp-init=\"callbacks.initTriggerButton\"\n\t\t\tdata-wp-on--click=\"actions.showLightbox\"\n\t\t\tdata-wp-style--right=\"state.imageButtonRight\"\n\t\t\tdata-wp-style--top=\"state.imageButtonTop\"\n\t\t>\n\t\t\t<svg xmlns=\"http:\/\/www.w3.org\/2000\/svg\" width=\"12\" height=\"12\" fill=\"none\" viewBox=\"0 0 12 12\">\n\t\t\t\t<path fill=\"#fff\" d=\"M2 0a2 2 0 0 0-2 2v2h1.5V2a.5.5 0 0 1 .5-.5h2V0H2Zm2 10.5H2a.5.5 0 0 1-.5-.5V8H0v2a2 2 0 0 0 2 2h2v-1.5ZM8 12v-1.5h2a.5.5 0 0 0 .5-.5V8H12v2a2 2 0 0 1-2 2H8Zm2-12a2 2 0 0 1 2 2v2h-1.5V2a.5.5 0 0 0-.5-.5H8V0h2Z\" \/>\n\t\t\t<\/svg>\n\t\t<\/button><\/figure>\n\n\n\n<p><em>&#8220;Kein Genuss ist vor\u00fcbergehend, denn der Eindruck, den er hinterl\u00e4sst, ist bleibend&#8221;<\/em> (Goethe)<\/p>\n<\/div>\n\n\n\n<div class=\"wp-block-column is-layout-flow wp-block-column-is-layout-flow\">\n<h2 class=\"wp-block-heading has-text-color has-link-color wp-elements-0e4470a33e33e5a06cf89e5b306e3292\" style=\"color:#07249f\">Gourmetreisen<\/h2>\n\n\n\n<figure data-wp-context=\"{&quot;imageId&quot;:&quot;69e36db492760&quot;}\" data-wp-interactive=\"core\/image\" data-wp-key=\"69e36db492760\" class=\"wp-block-image size-full is-style-default wp-lightbox-container\"><img loading=\"lazy\" decoding=\"async\" width=\"600\" height=\"800\" data-wp-class--hide=\"state.isContentHidden\" data-wp-class--show=\"state.isContentVisible\" data-wp-init=\"callbacks.setButtonStyles\" data-wp-on--click=\"actions.showLightbox\" data-wp-on--load=\"callbacks.setButtonStyles\" data-wp-on-window--resize=\"callbacks.setButtonStyles\" src=\"http:\/\/ikarus-services.de\/wordpressjacob\/wp-content\/uploads\/2024\/09\/P010.jpg\" alt=\"\" class=\"wp-image-270\" style=\"aspect-ratio:1;object-fit:cover\" srcset=\"https:\/\/ikarus-services.de\/wordpressjacob\/wp-content\/uploads\/2024\/09\/P010.jpg 600w, https:\/\/ikarus-services.de\/wordpressjacob\/wp-content\/uploads\/2024\/09\/P010-225x300.jpg 225w\" sizes=\"auto, (max-width: 600px) 100vw, 600px\" \/><button\n\t\t\tclass=\"lightbox-trigger\"\n\t\t\ttype=\"button\"\n\t\t\taria-haspopup=\"dialog\"\n\t\t\taria-label=\"Enlarge\"\n\t\t\tdata-wp-init=\"callbacks.initTriggerButton\"\n\t\t\tdata-wp-on--click=\"actions.showLightbox\"\n\t\t\tdata-wp-style--right=\"state.imageButtonRight\"\n\t\t\tdata-wp-style--top=\"state.imageButtonTop\"\n\t\t>\n\t\t\t<svg xmlns=\"http:\/\/www.w3.org\/2000\/svg\" width=\"12\" height=\"12\" fill=\"none\" viewBox=\"0 0 12 12\">\n\t\t\t\t<path fill=\"#fff\" d=\"M2 0a2 2 0 0 0-2 2v2h1.5V2a.5.5 0 0 1 .5-.5h2V0H2Zm2 10.5H2a.5.5 0 0 1-.5-.5V8H0v2a2 2 0 0 0 2 2h2v-1.5ZM8 12v-1.5h2a.5.5 0 0 0 .5-.5V8H12v2a2 2 0 0 1-2 2H8Zm2-12a2 2 0 0 1 2 2v2h-1.5V2a.5.5 0 0 0-.5-.5H8V0h2Z\" \/>\n\t\t\t<\/svg>\n\t\t<\/button><\/figure>\n\n\n\n<p><br><em>&#8220;Essen ist ein Bed\u00fcrfnis, Genie\u00dfen ist eine Kunst&#8221;<\/em> (Francois Duc de la Rochefoucauld)<\/p>\n<\/div>\n\n\n\n<div class=\"wp-block-column is-layout-flow wp-block-column-is-layout-flow\">\n<h2 class=\"wp-block-heading has-text-color has-link-color wp-elements-19941eb10a6c7a15fde381ba7238937e\" style=\"color:#07249f\">Weinreisen<\/h2>\n\n\n\n<figure data-wp-context=\"{&quot;imageId&quot;:&quot;69e36db492f4c&quot;}\" data-wp-interactive=\"core\/image\" data-wp-key=\"69e36db492f4c\" class=\"wp-block-image size-full is-style-default wp-lightbox-container\"><img loading=\"lazy\" decoding=\"async\" width=\"800\" height=\"600\" data-wp-class--hide=\"state.isContentHidden\" data-wp-class--show=\"state.isContentVisible\" data-wp-init=\"callbacks.setButtonStyles\" data-wp-on--click=\"actions.showLightbox\" data-wp-on--load=\"callbacks.setButtonStyles\" data-wp-on-window--resize=\"callbacks.setButtonStyles\" src=\"http:\/\/ikarus-services.de\/wordpressjacob\/wp-content\/uploads\/2024\/09\/P017.jpg\" alt=\"\" class=\"wp-image-271\" style=\"aspect-ratio:1;object-fit:cover\" srcset=\"https:\/\/ikarus-services.de\/wordpressjacob\/wp-content\/uploads\/2024\/09\/P017.jpg 800w, https:\/\/ikarus-services.de\/wordpressjacob\/wp-content\/uploads\/2024\/09\/P017-300x225.jpg 300w, https:\/\/ikarus-services.de\/wordpressjacob\/wp-content\/uploads\/2024\/09\/P017-768x576.jpg 768w\" sizes=\"auto, (max-width: 800px) 100vw, 800px\" \/><button\n\t\t\tclass=\"lightbox-trigger\"\n\t\t\ttype=\"button\"\n\t\t\taria-haspopup=\"dialog\"\n\t\t\taria-label=\"Enlarge\"\n\t\t\tdata-wp-init=\"callbacks.initTriggerButton\"\n\t\t\tdata-wp-on--click=\"actions.showLightbox\"\n\t\t\tdata-wp-style--right=\"state.imageButtonRight\"\n\t\t\tdata-wp-style--top=\"state.imageButtonTop\"\n\t\t>\n\t\t\t<svg xmlns=\"http:\/\/www.w3.org\/2000\/svg\" width=\"12\" height=\"12\" fill=\"none\" viewBox=\"0 0 12 12\">\n\t\t\t\t<path fill=\"#fff\" d=\"M2 0a2 2 0 0 0-2 2v2h1.5V2a.5.5 0 0 1 .5-.5h2V0H2Zm2 10.5H2a.5.5 0 0 1-.5-.5V8H0v2a2 2 0 0 0 2 2h2v-1.5ZM8 12v-1.5h2a.5.5 0 0 0 .5-.5V8H12v2a2 2 0 0 1-2 2H8Zm2-12a2 2 0 0 1 2 2v2h-1.5V2a.5.5 0 0 0-.5-.5H8V0h2Z\" \/>\n\t\t\t<\/svg>\n\t\t<\/button><\/figure>\n\n\n\n<p><em>&#8220;In Vino Veritas&#8221;<\/em> (Alkaios von Lesbos)<\/p>\n<\/div>\n<\/div>\n\n\n\n<div class=\"wp-block-columns is-layout-flex wp-container-core-columns-is-layout-9d6595d7 wp-block-columns-is-layout-flex\">\n<div class=\"wp-block-column is-layout-flow wp-block-column-is-layout-flow\">\n<h2 class=\"wp-block-heading has-text-color has-link-color wp-elements-9952280c764d68c7bdd8a5da95e85b82\" style=\"color:#07249f\">Wellness<\/h2>\n\n\n\n<figure data-wp-context=\"{&quot;imageId&quot;:&quot;69e36db49380f&quot;}\" data-wp-interactive=\"core\/image\" data-wp-key=\"69e36db49380f\" class=\"wp-block-image size-full is-style-default wp-lightbox-container\"><img loading=\"lazy\" decoding=\"async\" width=\"800\" height=\"600\" data-wp-class--hide=\"state.isContentHidden\" data-wp-class--show=\"state.isContentVisible\" data-wp-init=\"callbacks.setButtonStyles\" data-wp-on--click=\"actions.showLightbox\" data-wp-on--load=\"callbacks.setButtonStyles\" data-wp-on-window--resize=\"callbacks.setButtonStyles\" src=\"http:\/\/ikarus-services.de\/wordpressjacob\/wp-content\/uploads\/2024\/09\/P006.jpg\" alt=\"\" class=\"wp-image-272\" style=\"aspect-ratio:1;object-fit:cover\" srcset=\"https:\/\/ikarus-services.de\/wordpressjacob\/wp-content\/uploads\/2024\/09\/P006.jpg 800w, https:\/\/ikarus-services.de\/wordpressjacob\/wp-content\/uploads\/2024\/09\/P006-300x225.jpg 300w, https:\/\/ikarus-services.de\/wordpressjacob\/wp-content\/uploads\/2024\/09\/P006-768x576.jpg 768w\" sizes=\"auto, (max-width: 800px) 100vw, 800px\" \/><button\n\t\t\tclass=\"lightbox-trigger\"\n\t\t\ttype=\"button\"\n\t\t\taria-haspopup=\"dialog\"\n\t\t\taria-label=\"Enlarge\"\n\t\t\tdata-wp-init=\"callbacks.initTriggerButton\"\n\t\t\tdata-wp-on--click=\"actions.showLightbox\"\n\t\t\tdata-wp-style--right=\"state.imageButtonRight\"\n\t\t\tdata-wp-style--top=\"state.imageButtonTop\"\n\t\t>\n\t\t\t<svg xmlns=\"http:\/\/www.w3.org\/2000\/svg\" width=\"12\" height=\"12\" fill=\"none\" viewBox=\"0 0 12 12\">\n\t\t\t\t<path fill=\"#fff\" d=\"M2 0a2 2 0 0 0-2 2v2h1.5V2a.5.5 0 0 1 .5-.5h2V0H2Zm2 10.5H2a.5.5 0 0 1-.5-.5V8H0v2a2 2 0 0 0 2 2h2v-1.5ZM8 12v-1.5h2a.5.5 0 0 0 .5-.5V8H12v2a2 2 0 0 1-2 2H8Zm2-12a2 2 0 0 1 2 2v2h-1.5V2a.5.5 0 0 0-.5-.5H8V0h2Z\" \/>\n\t\t\t<\/svg>\n\t\t<\/button><\/figure>\n\n\n\n<p><em>Die Zeit ist f\u00fcr den Menschen da, nicht der Mensch f\u00fcr die Zeit.<\/em><\/p>\n<\/div>\n\n\n\n<div class=\"wp-block-column is-layout-flow wp-block-column-is-layout-flow\">\n<h2 class=\"wp-block-heading has-text-color has-link-color wp-elements-ce43499c13a3e5f6725d6dcc949286b3\" style=\"color:#07249f\"><em>Aktivreisen<\/em><\/h2>\n\n\n\n<figure data-wp-context=\"{&quot;imageId&quot;:&quot;69e36db494267&quot;}\" data-wp-interactive=\"core\/image\" data-wp-key=\"69e36db494267\" class=\"wp-block-image size-full is-style-default wp-lightbox-container\"><img loading=\"lazy\" decoding=\"async\" width=\"800\" height=\"600\" data-wp-class--hide=\"state.isContentHidden\" data-wp-class--show=\"state.isContentVisible\" data-wp-init=\"callbacks.setButtonStyles\" data-wp-on--click=\"actions.showLightbox\" data-wp-on--load=\"callbacks.setButtonStyles\" data-wp-on-window--resize=\"callbacks.setButtonStyles\" src=\"http:\/\/ikarus-services.de\/wordpressjacob\/wp-content\/uploads\/2024\/09\/P014.jpg\" alt=\"\" class=\"wp-image-273\" style=\"aspect-ratio:1;object-fit:cover\" srcset=\"https:\/\/ikarus-services.de\/wordpressjacob\/wp-content\/uploads\/2024\/09\/P014.jpg 800w, https:\/\/ikarus-services.de\/wordpressjacob\/wp-content\/uploads\/2024\/09\/P014-300x225.jpg 300w, https:\/\/ikarus-services.de\/wordpressjacob\/wp-content\/uploads\/2024\/09\/P014-768x576.jpg 768w\" sizes=\"auto, (max-width: 800px) 100vw, 800px\" \/><button\n\t\t\tclass=\"lightbox-trigger\"\n\t\t\ttype=\"button\"\n\t\t\taria-haspopup=\"dialog\"\n\t\t\taria-label=\"Enlarge\"\n\t\t\tdata-wp-init=\"callbacks.initTriggerButton\"\n\t\t\tdata-wp-on--click=\"actions.showLightbox\"\n\t\t\tdata-wp-style--right=\"state.imageButtonRight\"\n\t\t\tdata-wp-style--top=\"state.imageButtonTop\"\n\t\t>\n\t\t\t<svg xmlns=\"http:\/\/www.w3.org\/2000\/svg\" width=\"12\" height=\"12\" fill=\"none\" viewBox=\"0 0 12 12\">\n\t\t\t\t<path fill=\"#fff\" d=\"M2 0a2 2 0 0 0-2 2v2h1.5V2a.5.5 0 0 1 .5-.5h2V0H2Zm2 10.5H2a.5.5 0 0 1-.5-.5V8H0v2a2 2 0 0 0 2 2h2v-1.5ZM8 12v-1.5h2a.5.5 0 0 0 .5-.5V8H12v2a2 2 0 0 1-2 2H8Zm2-12a2 2 0 0 1 2 2v2h-1.5V2a.5.5 0 0 0-.5-.5H8V0h2Z\" \/>\n\t\t\t<\/svg>\n\t\t<\/button><\/figure>\n\n\n\n<p><em><em>Erleben macht gl\u00fccklicher als Haben.<\/em><\/em><\/p>\n<\/div>\n\n\n\n<div class=\"wp-block-column is-layout-flow wp-block-column-is-layout-flow\">\n<h2 class=\"wp-block-heading has-text-color has-link-color wp-elements-545a6ee8669be0761a9eb9a6f383e527\" style=\"color:#07249f\"><em>Kreuzfahrten<\/em><\/h2>\n\n\n\n<figure data-wp-context=\"{&quot;imageId&quot;:&quot;69e36db494ac3&quot;}\" data-wp-interactive=\"core\/image\" data-wp-key=\"69e36db494ac3\" class=\"wp-block-image size-full is-style-default wp-lightbox-container\"><img loading=\"lazy\" decoding=\"async\" width=\"2560\" height=\"1710\" data-wp-class--hide=\"state.isContentHidden\" data-wp-class--show=\"state.isContentVisible\" data-wp-init=\"callbacks.setButtonStyles\" data-wp-on--click=\"actions.showLightbox\" data-wp-on--load=\"callbacks.setButtonStyles\" data-wp-on-window--resize=\"callbacks.setButtonStyles\" src=\"http:\/\/ikarus-services.de\/wordpressjacob\/wp-content\/uploads\/2024\/09\/themen6.jpg\" alt=\"\" class=\"wp-image-274\" style=\"aspect-ratio:1;object-fit:cover\" srcset=\"https:\/\/ikarus-services.de\/wordpressjacob\/wp-content\/uploads\/2024\/09\/themen6.jpg 2560w, https:\/\/ikarus-services.de\/wordpressjacob\/wp-content\/uploads\/2024\/09\/themen6-300x200.jpg 300w, https:\/\/ikarus-services.de\/wordpressjacob\/wp-content\/uploads\/2024\/09\/themen6-1024x684.jpg 1024w, https:\/\/ikarus-services.de\/wordpressjacob\/wp-content\/uploads\/2024\/09\/themen6-768x513.jpg 768w, https:\/\/ikarus-services.de\/wordpressjacob\/wp-content\/uploads\/2024\/09\/themen6-1536x1026.jpg 1536w, https:\/\/ikarus-services.de\/wordpressjacob\/wp-content\/uploads\/2024\/09\/themen6-2048x1368.jpg 2048w\" sizes=\"auto, (max-width: 2560px) 100vw, 2560px\" \/><button\n\t\t\tclass=\"lightbox-trigger\"\n\t\t\ttype=\"button\"\n\t\t\taria-haspopup=\"dialog\"\n\t\t\taria-label=\"Enlarge\"\n\t\t\tdata-wp-init=\"callbacks.initTriggerButton\"\n\t\t\tdata-wp-on--click=\"actions.showLightbox\"\n\t\t\tdata-wp-style--right=\"state.imageButtonRight\"\n\t\t\tdata-wp-style--top=\"state.imageButtonTop\"\n\t\t>\n\t\t\t<svg xmlns=\"http:\/\/www.w3.org\/2000\/svg\" width=\"12\" height=\"12\" fill=\"none\" viewBox=\"0 0 12 12\">\n\t\t\t\t<path fill=\"#fff\" d=\"M2 0a2 2 0 0 0-2 2v2h1.5V2a.5.5 0 0 1 .5-.5h2V0H2Zm2 10.5H2a.5.5 0 0 1-.5-.5V8H0v2a2 2 0 0 0 2 2h2v-1.5ZM8 12v-1.5h2a.5.5 0 0 0 .5-.5V8H12v2a2 2 0 0 1-2 2H8Zm2-12a2 2 0 0 1 2 2v2h-1.5V2a.5.5 0 0 0-.5-.5H8V0h2Z\" \/>\n\t\t\t<\/svg>\n\t\t<\/button><\/figure>\n\n\n\n<p><em>Bon Voyage!<\/em><\/p>\n<\/div>\n<\/div>\n\n\n\n<div style=\"height:10em\" aria-hidden=\"true\" class=\"wp-block-spacer\"><\/div>\n","protected":false},"excerpt":{"rendered":"<p>Kunst &amp; Kultur &#8220;Kein Genuss ist vor\u00fcbergehend, denn der Eindruck, den er hinterl\u00e4sst, ist bleibend&#8221; (Goethe) Gourmetreisen &#8220;Essen ist ein Bed\u00fcrfnis, Genie\u00dfen ist eine Kunst&#8221; (Francois Duc de la Rochefoucauld) Weinreisen &#8220;In Vino Veritas&#8221; (Alkaios von Lesbos) Wellness Die Zeit ist f\u00fcr den Menschen da, nicht der Mensch f\u00fcr die Zeit. Aktivreisen Erleben macht gl\u00fccklicher &hellip; <\/p>\n<p class=\"link-more\"><a href=\"https:\/\/ikarus-services.de\/wordpressjacob\/themen\/\" class=\"more-link\">Continue reading<span class=\"screen-reader-text\"> &#8220;Themen&#8221;<\/span><\/a><\/p>\n","protected":false},"author":2,"featured_media":0,"parent":0,"menu_order":0,"comment_status":"closed","ping_status":"closed","template":"","meta":{"footnotes":""},"class_list":["post-158","page","type-page","status-publish","hentry"],"_links":{"self":[{"href":"https:\/\/ikarus-services.de\/wordpressjacob\/wp-json\/wp\/v2\/pages\/158","targetHints":{"allow":["GET"]}}],"collection":[{"href":"https:\/\/ikarus-services.de\/wordpressjacob\/wp-json\/wp\/v2\/pages"}],"about":[{"href":"https:\/\/ikarus-services.de\/wordpressjacob\/wp-json\/wp\/v2\/types\/page"}],"author":[{"embeddable":true,"href":"https:\/\/ikarus-services.de\/wordpressjacob\/wp-json\/wp\/v2\/users\/2"}],"replies":[{"embeddable":true,"href":"https:\/\/ikarus-services.de\/wordpressjacob\/wp-json\/wp\/v2\/comments?post=158"}],"version-history":[{"count":7,"href":"https:\/\/ikarus-services.de\/wordpressjacob\/wp-json\/wp\/v2\/pages\/158\/revisions"}],"predecessor-version":[{"id":283,"href":"https:\/\/ikarus-services.de\/wordpressjacob\/wp-json\/wp\/v2\/pages\/158\/revisions\/283"}],"wp:attachment":[{"href":"https:\/\/ikarus-services.de\/wordpressjacob\/wp-json\/wp\/v2\/media?parent=158"}],"curies":[{"name":"wp","href":"https:\/\/api.w.org\/{rel}","templated":true}]}}