{"id":174,"date":"2024-09-19T11:20:44","date_gmt":"2024-09-19T11:20:44","guid":{"rendered":"http:\/\/ikarus-services.de\/wordpressjacob\/?page_id=174"},"modified":"2024-09-26T08:44:22","modified_gmt":"2024-09-26T08:44:22","slug":"mehr","status":"publish","type":"page","link":"https:\/\/ikarus-services.de\/wordpressjacob\/mehr\/","title":{"rendered":"Mehr"},"content":{"rendered":"\n<div style=\"height:10em\" aria-hidden=\"true\" class=\"wp-block-spacer\"><\/div>\n\n\n\n<div class=\"wp-block-columns are-vertically-aligned-top desktop is-layout-flex wp-container-core-columns-is-layout-9d6595d7 wp-block-columns-is-layout-flex\">\n<div class=\"wp-block-column is-vertically-aligned-top is-layout-flow wp-block-column-is-layout-flow\">\n<h2 class=\"wp-block-heading has-text-color has-link-color wp-elements-b0b44dd44f3bb186b3c6f8cc8c208e38\" style=\"color:#07249f\">Reisen a la carte<\/h2>\n<\/div>\n\n\n\n<div class=\"wp-block-column is-vertically-aligned-top is-layout-flow wp-block-column-is-layout-flow\">\n<h2 class=\"wp-block-heading has-text-color has-link-color wp-elements-dd8d63d59581e3649ebb1961cfcb5cf9\" style=\"color:#07249f\">Gruppenreisen ma\u00dfgeschneidert<\/h2>\n<\/div>\n\n\n\n<div class=\"wp-block-column is-vertically-aligned-top is-layout-flow wp-block-column-is-layout-flow\">\n<h2 class=\"wp-block-heading has-text-color has-link-color wp-elements-0985247e717c56119485817475bdea6d\" style=\"color:#07249f\">Meetings &amp; Events<\/h2>\n<\/div>\n<\/div>\n\n\n\n<div class=\"wp-block-columns are-vertically-aligned-top desktop is-layout-flex wp-container-core-columns-is-layout-9d6595d7 wp-block-columns-is-layout-flex\">\n<div class=\"wp-block-column is-vertically-aligned-top is-layout-flow wp-block-column-is-layout-flow\"><div class=\"wp-block-image\">\n<figure class=\"aligncenter size-full is-resized\"><img loading=\"lazy\" decoding=\"async\" width=\"1024\" height=\"1024\" src=\"http:\/\/ikarus-services.de\/wordpressjacob\/wp-content\/uploads\/2024\/09\/globe-svgrepo-com.png\" alt=\"\" class=\"wp-image-177\" style=\"width:150px\" srcset=\"https:\/\/ikarus-services.de\/wordpressjacob\/wp-content\/uploads\/2024\/09\/globe-svgrepo-com.png 1024w, https:\/\/ikarus-services.de\/wordpressjacob\/wp-content\/uploads\/2024\/09\/globe-svgrepo-com-300x300.png 300w, https:\/\/ikarus-services.de\/wordpressjacob\/wp-content\/uploads\/2024\/09\/globe-svgrepo-com-150x150.png 150w, https:\/\/ikarus-services.de\/wordpressjacob\/wp-content\/uploads\/2024\/09\/globe-svgrepo-com-768x768.png 768w\" sizes=\"auto, (max-width: 1024px) 100vw, 1024px\" \/><\/figure>\n<\/div><\/div>\n\n\n\n<div class=\"wp-block-column is-vertically-aligned-top is-layout-flow wp-block-column-is-layout-flow\"><div class=\"wp-block-image\">\n<figure class=\"aligncenter size-full is-resized\"><img loading=\"lazy\" decoding=\"async\" width=\"1024\" height=\"1024\" src=\"http:\/\/ikarus-services.de\/wordpressjacob\/wp-content\/uploads\/2024\/09\/group-svgrepo-com.png\" alt=\"\" class=\"wp-image-178\" style=\"width:150px\" srcset=\"https:\/\/ikarus-services.de\/wordpressjacob\/wp-content\/uploads\/2024\/09\/group-svgrepo-com.png 1024w, https:\/\/ikarus-services.de\/wordpressjacob\/wp-content\/uploads\/2024\/09\/group-svgrepo-com-300x300.png 300w, https:\/\/ikarus-services.de\/wordpressjacob\/wp-content\/uploads\/2024\/09\/group-svgrepo-com-150x150.png 150w, https:\/\/ikarus-services.de\/wordpressjacob\/wp-content\/uploads\/2024\/09\/group-svgrepo-com-768x768.png 768w\" sizes=\"auto, (max-width: 1024px) 100vw, 1024px\" \/><\/figure>\n<\/div><\/div>\n\n\n\n<div class=\"wp-block-column is-vertically-aligned-top is-layout-flow wp-block-column-is-layout-flow\"><div class=\"wp-block-image\">\n<figure class=\"aligncenter size-full is-resized\"><img loading=\"lazy\" decoding=\"async\" width=\"1024\" height=\"1024\" src=\"http:\/\/ikarus-services.de\/wordpressjacob\/wp-content\/uploads\/2024\/09\/meeting-svgrepo-com.png\" alt=\"\" class=\"wp-image-179\" style=\"width:150px\" srcset=\"https:\/\/ikarus-services.de\/wordpressjacob\/wp-content\/uploads\/2024\/09\/meeting-svgrepo-com.png 1024w, https:\/\/ikarus-services.de\/wordpressjacob\/wp-content\/uploads\/2024\/09\/meeting-svgrepo-com-300x300.png 300w, https:\/\/ikarus-services.de\/wordpressjacob\/wp-content\/uploads\/2024\/09\/meeting-svgrepo-com-150x150.png 150w, https:\/\/ikarus-services.de\/wordpressjacob\/wp-content\/uploads\/2024\/09\/meeting-svgrepo-com-768x768.png 768w\" sizes=\"auto, (max-width: 1024px) 100vw, 1024px\" \/><\/figure>\n<\/div><\/div>\n<\/div>\n\n\n\n<div class=\"wp-block-columns are-vertically-aligned-top desktop is-layout-flex wp-container-core-columns-is-layout-9d6595d7 wp-block-columns-is-layout-flex\">\n<div class=\"wp-block-column is-vertically-aligned-top is-layout-flow wp-block-column-is-layout-flow\">\n<p><em>&#8220;Die gr\u00f6\u00dfte Sehensw\u00fcrdigkeit ist die Welt. Sieh sie dir an!&#8221;<\/em> &#8211; Kurt Tucholsky, 1890-1935<\/p>\n<\/div>\n\n\n\n<div class=\"wp-block-column is-vertically-aligned-top is-layout-flow wp-block-column-is-layout-flow\">\n<p><em>&#8221; Die Welt ist ein Buch. Wer nie reist, sieht nur eine Seite davon.&#8221;<\/em> &#8211; Augustinus Aurelius, 354-430<\/p>\n<\/div>\n\n\n\n<div class=\"wp-block-column is-vertically-aligned-top is-layout-flow wp-block-column-is-layout-flow\">\n<p><em>&#8220;Die Normalit\u00e4t ist eine gepflasterte Stra\u00dfe; man kann gut darauf gehen, doch es wachsen keine Blumen auf ihr.&#8221;<\/em> &#8211; Vincent van Gogh, 1853-1890<\/p>\n<\/div>\n<\/div>\n\n\n\n<div class=\"wp-block-columns are-vertically-aligned-top desktop is-layout-flex wp-container-core-columns-is-layout-9d6595d7 wp-block-columns-is-layout-flex\">\n<div class=\"wp-block-column is-vertically-aligned-top is-layout-flow wp-block-column-is-layout-flow\">\n<div class=\"wp-block-buttons is-content-justification-center is-layout-flex wp-container-core-buttons-is-layout-16018d1d wp-block-buttons-is-layout-flex\">\n<div class=\"wp-block-button is-style-outline buttonStyle is-style-outline--1\"><a class=\"wp-block-button__link has-white-color has-text-color has-background has-link-color wp-element-button\" href=\"http:\/\/ikarus-services.de\/wordpressjacob\/individual\/\" style=\"border-radius:0px;background-color:#07249f\">Mehr<\/a><\/div>\n<\/div>\n<\/div>\n\n\n\n<div class=\"wp-block-column is-vertically-aligned-top is-layout-flow wp-block-column-is-layout-flow\">\n<div class=\"wp-block-buttons is-content-justification-center is-layout-flex wp-container-core-buttons-is-layout-16018d1d wp-block-buttons-is-layout-flex\">\n<div class=\"wp-block-button is-style-outline buttonStyle is-style-outline--2\"><a class=\"wp-block-button__link has-white-color has-text-color has-background has-link-color wp-element-button\" href=\"http:\/\/ikarus-services.de\/wordpressjacob\/?page_id=208\" style=\"border-radius:0px;background-color:#07249f\">Mehr<\/a><\/div>\n<\/div>\n<\/div>\n\n\n\n<div class=\"wp-block-column is-vertically-aligned-top is-layout-flow wp-block-column-is-layout-flow\">\n<div class=\"wp-block-buttons is-content-justification-center is-layout-flex wp-container-core-buttons-is-layout-16018d1d wp-block-buttons-is-layout-flex\">\n<div class=\"wp-block-button is-style-outline buttonStyle is-style-outline--3\"><a class=\"wp-block-button__link has-white-color has-text-color has-background has-link-color wp-element-button\" href=\"http:\/\/ikarus-services.de\/wordpressjacob\/?page_id=211\" style=\"border-radius:0px;background-color:#07249f\">Mehr<\/a><\/div>\n<\/div>\n<\/div>\n<\/div>\n\n\n\n<div class=\"wp-block-columns are-vertically-aligned-top mobile is-layout-flex wp-container-core-columns-is-layout-9d6595d7 wp-block-columns-is-layout-flex\">\n<div class=\"wp-block-column is-vertically-aligned-top is-layout-flow wp-block-column-is-layout-flow\">\n<h2 class=\"wp-block-heading has-text-align-center has-text-color has-link-color wp-elements-ace182718d29332a2883738ff905a522\" style=\"color:#07249f\">Reisen a la carte<\/h2>\n\n\n<div class=\"wp-block-image is-style-default\">\n<figure class=\"aligncenter size-full is-resized\"><img loading=\"lazy\" decoding=\"async\" width=\"1024\" height=\"1024\" src=\"http:\/\/ikarus-services.de\/wordpressjacob\/wp-content\/uploads\/2024\/09\/globe-svgrepo-com.png\" alt=\"\" class=\"wp-image-177\" style=\"width:150px\" srcset=\"https:\/\/ikarus-services.de\/wordpressjacob\/wp-content\/uploads\/2024\/09\/globe-svgrepo-com.png 1024w, https:\/\/ikarus-services.de\/wordpressjacob\/wp-content\/uploads\/2024\/09\/globe-svgrepo-com-300x300.png 300w, https:\/\/ikarus-services.de\/wordpressjacob\/wp-content\/uploads\/2024\/09\/globe-svgrepo-com-150x150.png 150w, https:\/\/ikarus-services.de\/wordpressjacob\/wp-content\/uploads\/2024\/09\/globe-svgrepo-com-768x768.png 768w\" sizes=\"auto, (max-width: 1024px) 100vw, 1024px\" \/><\/figure>\n<\/div>\n\n\n<p class=\"has-text-align-center\"><em>&#8220;Die gr\u00f6\u00dfte Sehensw\u00fcrdigkeit ist die Welt. Sieh sie dir an!&#8221;<\/em> &#8211; Kurt Tucholsky, 1890-1935<\/p>\n\n\n\n<div class=\"wp-block-buttons is-content-justification-center is-layout-flex wp-container-core-buttons-is-layout-16018d1d wp-block-buttons-is-layout-flex\">\n<div class=\"wp-block-button is-style-outline buttonStyle is-style-outline--4\"><a class=\"wp-block-button__link has-white-color has-text-color has-background has-link-color wp-element-button\" href=\"http:\/\/ikarus-services.de\/wordpressjacob\/individual\/\" style=\"border-radius:0px;background-color:#07249f\">Mehr<\/a><\/div>\n<\/div>\n\n\n\n<div style=\"height:2em\" aria-hidden=\"true\" class=\"wp-block-spacer\"><\/div>\n<\/div>\n\n\n\n<div class=\"wp-block-column is-vertically-aligned-top is-layout-flow wp-block-column-is-layout-flow\">\n<h2 class=\"wp-block-heading has-text-align-center has-text-color has-link-color wp-elements-4d77dc3f9b4860f93424bc0c568980b8\" style=\"color:#07249f\">Gruppenreisen ma\u00dfgeschneidert<\/h2>\n\n\n<div class=\"wp-block-image\">\n<figure class=\"aligncenter size-full is-resized\"><img loading=\"lazy\" decoding=\"async\" width=\"1024\" height=\"1024\" src=\"http:\/\/ikarus-services.de\/wordpressjacob\/wp-content\/uploads\/2024\/09\/group-svgrepo-com.png\" alt=\"\" class=\"wp-image-178\" style=\"width:150px\" srcset=\"https:\/\/ikarus-services.de\/wordpressjacob\/wp-content\/uploads\/2024\/09\/group-svgrepo-com.png 1024w, https:\/\/ikarus-services.de\/wordpressjacob\/wp-content\/uploads\/2024\/09\/group-svgrepo-com-300x300.png 300w, https:\/\/ikarus-services.de\/wordpressjacob\/wp-content\/uploads\/2024\/09\/group-svgrepo-com-150x150.png 150w, https:\/\/ikarus-services.de\/wordpressjacob\/wp-content\/uploads\/2024\/09\/group-svgrepo-com-768x768.png 768w\" sizes=\"auto, (max-width: 1024px) 100vw, 1024px\" \/><\/figure>\n<\/div>\n\n\n<p class=\"has-text-align-center\"><em>&#8221; Die Welt ist ein Buch. Wer nie reist, sieht nur eine Seite davon.&#8221;<\/em> &#8211; Augustinus Aurelius, 354-430<\/p>\n\n\n\n<div class=\"wp-block-buttons is-content-justification-center is-layout-flex wp-container-core-buttons-is-layout-16018d1d wp-block-buttons-is-layout-flex\">\n<div class=\"wp-block-button is-style-outline buttonStyle is-style-outline--5\"><a class=\"wp-block-button__link has-white-color has-text-color has-background has-link-color wp-element-button\" href=\"http:\/\/ikarus-services.de\/wordpressjacob\/?page_id=208\" style=\"border-radius:0px;background-color:#07249f\">Mehr<\/a><\/div>\n<\/div>\n\n\n\n<div style=\"height:2em\" aria-hidden=\"true\" class=\"wp-block-spacer\"><\/div>\n<\/div>\n\n\n\n<div class=\"wp-block-column is-vertically-aligned-top is-layout-flow wp-block-column-is-layout-flow\">\n<h2 class=\"wp-block-heading has-text-align-center has-text-color has-link-color wp-elements-5e3da02fedd5933b2dd9610bd24dfd74\" style=\"color:#07249f\">Meetings &amp; Events<\/h2>\n\n\n<div class=\"wp-block-image\">\n<figure class=\"aligncenter size-full is-resized\"><img loading=\"lazy\" decoding=\"async\" width=\"1024\" height=\"1024\" src=\"http:\/\/ikarus-services.de\/wordpressjacob\/wp-content\/uploads\/2024\/09\/meeting-svgrepo-com.png\" alt=\"\" class=\"wp-image-179\" style=\"width:150px\" srcset=\"https:\/\/ikarus-services.de\/wordpressjacob\/wp-content\/uploads\/2024\/09\/meeting-svgrepo-com.png 1024w, https:\/\/ikarus-services.de\/wordpressjacob\/wp-content\/uploads\/2024\/09\/meeting-svgrepo-com-300x300.png 300w, https:\/\/ikarus-services.de\/wordpressjacob\/wp-content\/uploads\/2024\/09\/meeting-svgrepo-com-150x150.png 150w, https:\/\/ikarus-services.de\/wordpressjacob\/wp-content\/uploads\/2024\/09\/meeting-svgrepo-com-768x768.png 768w\" sizes=\"auto, (max-width: 1024px) 100vw, 1024px\" \/><\/figure>\n<\/div>\n\n\n<p class=\"has-text-align-center\"><em>&#8220;Die Normalit\u00e4t ist eine gepflasterte Stra\u00dfe; man kann gut darauf gehen, doch es wachsen keine Blumen auf ihr.&#8221;<\/em> &#8211; Vincent van Gogh, 1853-1890<\/p>\n\n\n\n<div class=\"wp-block-buttons is-content-justification-center is-layout-flex wp-container-core-buttons-is-layout-16018d1d wp-block-buttons-is-layout-flex\">\n<div class=\"wp-block-button is-style-outline buttonStyle is-style-outline--6\"><a class=\"wp-block-button__link has-white-color has-text-color has-background has-link-color wp-element-button\" href=\"http:\/\/ikarus-services.de\/wordpressjacob\/?page_id=211\" style=\"border-radius:0px;background-color:#07249f\">Mehr<\/a><\/div>\n<\/div>\n<\/div>\n<\/div>\n\n\n\n<div style=\"height:10em\" aria-hidden=\"true\" class=\"wp-block-spacer\"><\/div>\n","protected":false},"excerpt":{"rendered":"<p>Reisen a la carte Gruppenreisen ma\u00dfgeschneidert Meetings &amp; Events &#8220;Die gr\u00f6\u00dfte Sehensw\u00fcrdigkeit ist die Welt. Sieh sie dir an!&#8221; &#8211; Kurt Tucholsky, 1890-1935 &#8221; Die Welt ist ein Buch. Wer nie reist, sieht nur eine Seite davon.&#8221; &#8211; Augustinus Aurelius, 354-430 &#8220;Die Normalit\u00e4t ist eine gepflasterte Stra\u00dfe; man kann gut darauf gehen, doch es wachsen &hellip; <\/p>\n<p class=\"link-more\"><a href=\"https:\/\/ikarus-services.de\/wordpressjacob\/mehr\/\" class=\"more-link\">Continue reading<span class=\"screen-reader-text\"> &#8220;Mehr&#8221;<\/span><\/a><\/p>\n","protected":false},"author":2,"featured_media":0,"parent":0,"menu_order":0,"comment_status":"closed","ping_status":"closed","template":"","meta":{"footnotes":""},"class_list":["post-174","page","type-page","status-publish","hentry"],"_links":{"self":[{"href":"https:\/\/ikarus-services.de\/wordpressjacob\/wp-json\/wp\/v2\/pages\/174","targetHints":{"allow":["GET"]}}],"collection":[{"href":"https:\/\/ikarus-services.de\/wordpressjacob\/wp-json\/wp\/v2\/pages"}],"about":[{"href":"https:\/\/ikarus-services.de\/wordpressjacob\/wp-json\/wp\/v2\/types\/page"}],"author":[{"embeddable":true,"href":"https:\/\/ikarus-services.de\/wordpressjacob\/wp-json\/wp\/v2\/users\/2"}],"replies":[{"embeddable":true,"href":"https:\/\/ikarus-services.de\/wordpressjacob\/wp-json\/wp\/v2\/comments?post=174"}],"version-history":[{"count":9,"href":"https:\/\/ikarus-services.de\/wordpressjacob\/wp-json\/wp\/v2\/pages\/174\/revisions"}],"predecessor-version":[{"id":296,"href":"https:\/\/ikarus-services.de\/wordpressjacob\/wp-json\/wp\/v2\/pages\/174\/revisions\/296"}],"wp:attachment":[{"href":"https:\/\/ikarus-services.de\/wordpressjacob\/wp-json\/wp\/v2\/media?parent=174"}],"curies":[{"name":"wp","href":"https:\/\/api.w.org\/{rel}","templated":true}]}}